{"id":40,"date":"2026-01-23T13:04:01","date_gmt":"2026-01-23T18:04:01","guid":{"rendered":"http:\/\/34.226.175.232\/?page_id=40"},"modified":"2026-04-01T15:57:00","modified_gmt":"2026-04-01T20:57:00","slug":"tucan-tms","status":"publish","type":"page","link":"https:\/\/www.apptucan.com\/es\/","title":{"rendered":"Tuc\u00e1n TMS \u2013 Gesti\u00f3n inteligente de transporte"},"content":{"rendered":"","protected":false},"excerpt":{"rendered":"","protected":false},"author":1,"featured_media":0,"parent":0,"menu_order":0,"comment_status":"closed","ping_status":"closed","template":"landing-tucan.php","meta":{"footnotes":""},"class_list":["post-40","page","type-page","status-publish"],"yoast_head":"<!-- This site is optimized with the Yoast SEO plugin v27.3 - https:\/\/yoast.com\/product\/yoast-seo-wordpress\/ -->\n<title>Tuc\u00e1n TMS \u2013 Gesti\u00f3n inteligente de transporte<\/title>\n<meta name=\"description\" content=\"Optimiza tus rutas, controla tu flota y gestiona toda tu operaci\u00f3n log\u00edstica desde un solo lugar. Hecho para empresas colombianas.\" \/>\n<meta name=\"robots\" content=\"index, follow, max-snippet:-1, max-image-preview:large, max-video-preview:-1\" \/>\n<link rel=\"canonical\" href=\"https:\/\/www.apptucan.com\/es\/\" \/>\n<meta property=\"og:locale\" content=\"es_ES\" \/>\n<meta property=\"og:type\" content=\"article\" \/>\n<meta property=\"og:title\" content=\"Tuc\u00e1n TMS \u2013 Gesti\u00f3n inteligente de transporte\" \/>\n<meta property=\"og:description\" content=\"Planifica tus servicios, optimiza tus rutas, controla tu flota y gestiona toda tu operaci\u00f3n log\u00edstica desde un solo lugar. Hecho para empresas colombianas.\" \/>\n<meta property=\"og:url\" content=\"https:\/\/www.apptucan.com\/es\/\" \/>\n<meta property=\"og:site_name\" content=\"Tucan TMS\" \/>\n<meta property=\"article:publisher\" content=\"https:\/\/www.facebook.com\/sunbeltfactory\" \/>\n<meta property=\"article:modified_time\" content=\"2026-04-01T20:57:00+00:00\" \/>\n<meta property=\"og:image\" content=\"https:\/\/www.apptucan.com\/wp-content\/uploads\/2026\/04\/tucan_og.png\" \/>\n\t<meta property=\"og:image:width\" content=\"1200\" \/>\n\t<meta property=\"og:image:height\" content=\"630\" \/>\n\t<meta property=\"og:image:type\" content=\"image\/png\" \/>\n<meta name=\"twitter:card\" content=\"summary_large_image\" \/>\n<meta name=\"twitter:site\" content=\"@SunbeltFactory\" \/>\n<script type=\"application\/ld+json\" class=\"yoast-schema-graph\">{\"@context\":\"https:\\\/\\\/schema.org\",\"@graph\":[{\"@type\":\"WebPage\",\"@id\":\"https:\\\/\\\/www.apptucan.com\\\/\",\"url\":\"https:\\\/\\\/www.apptucan.com\\\/\",\"name\":\"Tuc\u00e1n TMS \u2013 Gesti\u00f3n inteligente de transporte\",\"isPartOf\":{\"@id\":\"https:\\\/\\\/www.apptucan.com\\\/#website\"},\"datePublished\":\"2026-01-23T18:04:01+00:00\",\"dateModified\":\"2026-04-01T20:57:00+00:00\",\"description\":\"Optimiza tus rutas, controla tu flota y gestiona toda tu operaci\u00f3n log\u00edstica desde un solo lugar. Hecho para empresas colombianas.\",\"breadcrumb\":{\"@id\":\"https:\\\/\\\/www.apptucan.com\\\/#breadcrumb\"},\"inLanguage\":\"es-CO\",\"potentialAction\":[{\"@type\":\"ReadAction\",\"target\":[\"https:\\\/\\\/www.apptucan.com\\\/\"]}]},{\"@type\":\"BreadcrumbList\",\"@id\":\"https:\\\/\\\/www.apptucan.com\\\/#breadcrumb\",\"itemListElement\":[{\"@type\":\"ListItem\",\"position\":1,\"name\":\"Inicio\",\"item\":\"https:\\\/\\\/www.apptucan.com\\\/\"},{\"@type\":\"ListItem\",\"position\":2,\"name\":\"Tuc\u00e1n TMS \u2013 Gesti\u00f3n inteligente de transporte\"}]},{\"@type\":\"WebSite\",\"@id\":\"https:\\\/\\\/www.apptucan.com\\\/#website\",\"url\":\"https:\\\/\\\/www.apptucan.com\\\/\",\"name\":\"Tucan TMS\",\"description\":\"Plataforma SaaS para la gesti\u00f3n y control del transporte empresarial\",\"publisher\":{\"@id\":\"https:\\\/\\\/www.apptucan.com\\\/#organization\"},\"potentialAction\":[{\"@type\":\"SearchAction\",\"target\":{\"@type\":\"EntryPoint\",\"urlTemplate\":\"https:\\\/\\\/www.apptucan.com\\\/?s={search_term_string}\"},\"query-input\":{\"@type\":\"PropertyValueSpecification\",\"valueRequired\":true,\"valueName\":\"search_term_string\"}}],\"inLanguage\":\"es-CO\"},{\"@type\":\"Organization\",\"@id\":\"https:\\\/\\\/www.apptucan.com\\\/#organization\",\"name\":\"Tucan TMS\",\"url\":\"https:\\\/\\\/www.apptucan.com\\\/\",\"logo\":{\"@type\":\"ImageObject\",\"inLanguage\":\"es-CO\",\"@id\":\"https:\\\/\\\/www.apptucan.com\\\/#\\\/schema\\\/logo\\\/image\\\/\",\"url\":\"https:\\\/\\\/www.apptucan.com\\\/wp-content\\\/uploads\\\/2026\\\/03\\\/logo-tucan-main.png\",\"contentUrl\":\"https:\\\/\\\/www.apptucan.com\\\/wp-content\\\/uploads\\\/2026\\\/03\\\/logo-tucan-main.png\",\"width\":1751,\"height\":720,\"caption\":\"Tucan TMS\"},\"image\":{\"@id\":\"https:\\\/\\\/www.apptucan.com\\\/#\\\/schema\\\/logo\\\/image\\\/\"},\"sameAs\":[\"https:\\\/\\\/www.facebook.com\\\/sunbeltfactory\",\"https:\\\/\\\/x.com\\\/SunbeltFactory\",\"https:\\\/\\\/www.linkedin.com\\\/company\\\/sunbeltfactory\",\"https:\\\/\\\/www.instagram.com\\\/sunbeltfactory\\\/\",\"https:\\\/\\\/www.youtube.com\\\/@sunbeltfactory\"]}]}<\/script>\n<!-- \/ Yoast SEO plugin. -->","yoast_head_json":{"title":"Tuc\u00e1n TMS \u2013 Gesti\u00f3n inteligente de transporte","description":"Optimiza tus rutas, controla tu flota y gestiona toda tu operaci\u00f3n log\u00edstica desde un solo lugar. Hecho para empresas colombianas.","robots":{"index":"index","follow":"follow","max-snippet":"max-snippet:-1","max-image-preview":"max-image-preview:large","max-video-preview":"max-video-preview:-1"},"canonical":"https:\/\/www.apptucan.com\/es\/","og_locale":"es_ES","og_type":"article","og_title":"Tuc\u00e1n TMS \u2013 Gesti\u00f3n inteligente de transporte","og_description":"Planifica tus servicios, optimiza tus rutas, controla tu flota y gestiona toda tu operaci\u00f3n log\u00edstica desde un solo lugar. Hecho para empresas colombianas.","og_url":"https:\/\/www.apptucan.com\/es\/","og_site_name":"Tucan TMS","article_publisher":"https:\/\/www.facebook.com\/sunbeltfactory","article_modified_time":"2026-04-01T20:57:00+00:00","og_image":[{"width":1200,"height":630,"url":"https:\/\/www.apptucan.com\/wp-content\/uploads\/2026\/04\/tucan_og.png","type":"image\/png"}],"twitter_card":"summary_large_image","twitter_site":"@SunbeltFactory","schema":{"@context":"https:\/\/schema.org","@graph":[{"@type":"WebPage","@id":"https:\/\/www.apptucan.com\/","url":"https:\/\/www.apptucan.com\/","name":"Tuc\u00e1n TMS \u2013 Gesti\u00f3n inteligente de transporte","isPartOf":{"@id":"https:\/\/www.apptucan.com\/#website"},"datePublished":"2026-01-23T18:04:01+00:00","dateModified":"2026-04-01T20:57:00+00:00","description":"Optimiza tus rutas, controla tu flota y gestiona toda tu operaci\u00f3n log\u00edstica desde un solo lugar. Hecho para empresas colombianas.","breadcrumb":{"@id":"https:\/\/www.apptucan.com\/#breadcrumb"},"inLanguage":"es-CO","potentialAction":[{"@type":"ReadAction","target":["https:\/\/www.apptucan.com\/"]}]},{"@type":"BreadcrumbList","@id":"https:\/\/www.apptucan.com\/#breadcrumb","itemListElement":[{"@type":"ListItem","position":1,"name":"Inicio","item":"https:\/\/www.apptucan.com\/"},{"@type":"ListItem","position":2,"name":"Tuc\u00e1n TMS \u2013 Gesti\u00f3n inteligente de transporte"}]},{"@type":"WebSite","@id":"https:\/\/www.apptucan.com\/#website","url":"https:\/\/www.apptucan.com\/","name":"Tucan TMS","description":"Plataforma SaaS para la gesti\u00f3n y control del transporte empresarial","publisher":{"@id":"https:\/\/www.apptucan.com\/#organization"},"potentialAction":[{"@type":"SearchAction","target":{"@type":"EntryPoint","urlTemplate":"https:\/\/www.apptucan.com\/?s={search_term_string}"},"query-input":{"@type":"PropertyValueSpecification","valueRequired":true,"valueName":"search_term_string"}}],"inLanguage":"es-CO"},{"@type":"Organization","@id":"https:\/\/www.apptucan.com\/#organization","name":"Tucan TMS","url":"https:\/\/www.apptucan.com\/","logo":{"@type":"ImageObject","inLanguage":"es-CO","@id":"https:\/\/www.apptucan.com\/#\/schema\/logo\/image\/","url":"https:\/\/www.apptucan.com\/wp-content\/uploads\/2026\/03\/logo-tucan-main.png","contentUrl":"https:\/\/www.apptucan.com\/wp-content\/uploads\/2026\/03\/logo-tucan-main.png","width":1751,"height":720,"caption":"Tucan TMS"},"image":{"@id":"https:\/\/www.apptucan.com\/#\/schema\/logo\/image\/"},"sameAs":["https:\/\/www.facebook.com\/sunbeltfactory","https:\/\/x.com\/SunbeltFactory","https:\/\/www.linkedin.com\/company\/sunbeltfactory","https:\/\/www.instagram.com\/sunbeltfactory\/","https:\/\/www.youtube.com\/@sunbeltfactory"]}]}},"_links":{"self":[{"href":"https:\/\/www.apptucan.com\/es\/wp-json\/wp\/v2\/pages\/40","targetHints":{"allow":["GET"]}}],"collection":[{"href":"https:\/\/www.apptucan.com\/es\/wp-json\/wp\/v2\/pages"}],"about":[{"href":"https:\/\/www.apptucan.com\/es\/wp-json\/wp\/v2\/types\/page"}],"author":[{"embeddable":true,"href":"https:\/\/www.apptucan.com\/es\/wp-json\/wp\/v2\/users\/1"}],"replies":[{"embeddable":true,"href":"https:\/\/www.apptucan.com\/es\/wp-json\/wp\/v2\/comments?post=40"}],"version-history":[{"count":2,"href":"https:\/\/www.apptucan.com\/es\/wp-json\/wp\/v2\/pages\/40\/revisions"}],"predecessor-version":[{"id":1749,"href":"https:\/\/www.apptucan.com\/es\/wp-json\/wp\/v2\/pages\/40\/revisions\/1749"}],"wp:attachment":[{"href":"https:\/\/www.apptucan.com\/es\/wp-json\/wp\/v2\/media?parent=40"}],"curies":[{"name":"wp","href":"https:\/\/api.w.org\/{rel}","templated":true}]}}